{"id":472,"date":"2023-03-05T14:16:23","date_gmt":"2023-03-05T14:16:23","guid":{"rendered":"http:\/\/medellin365.com\/?page_id=472"},"modified":"2023-03-05T14:16:26","modified_gmt":"2023-03-05T14:16:26","slug":"welcome-to-medellin-365","status":"publish","type":"page","link":"https:\/\/medellin365.com\/de\/welcome-to-medellin-365\/","title":{"rendered":"Willkommen bei Medellin 365,"},"content":{"rendered":"<p>Willkommen bei Medellin 365, Ihrem One-Stop-Shop f\u00fcr exklusive und personalisierte Reiseerlebnisse in Medellin, Kolumbien. Unser Team hat es sich zur Aufgabe gemacht, qualitativ hochwertige Dienstleistungen f\u00fcr die anspruchsvollsten Kunden anzubieten, um eine komfortable, sichere und unvergessliche Reise in diese pulsierende Stadt zu gew\u00e4hrleisten.<\/p>\n\n\n\n<p>Wir bieten eine Reihe von Dienstleistungen an, die auf die Bed\u00fcrfnisse und Interessen unserer Kunden zugeschnitten sind, darunter private F\u00fchrungen und Ausfl\u00fcge, personalisierte Transportdienste, VIP-Unterk\u00fcnfte, Sicherheitsdienste und \u00dcbersetzungsdienste. Unser pers\u00f6nlicher Ansatz bedeutet, dass jedes Detail Ihrer Reise sorgf\u00e4ltig ausgearbeitet wird, um Ihre Erwartungen zu erf\u00fcllen - von der Ankunft bis zur Abreise.<\/p>\n\n\n\n<p>Unser Expertenteam ist bestrebt, Ihnen einen au\u00dfergew\u00f6hnlichen Service zu bieten und sicherzustellen, dass Ihre Reise nach Medellin sowohl angenehm als auch sicher ist. Wir wissen, wie wichtig Sicherheit auf Reisen ist. Deshalb bieten wir einen professionellen Sicherheitsdienst an, der Ihre Sicherheit zu jeder Zeit gew\u00e4hrleistet.<\/p>\n\n\n\n<p>Zu unseren VIP-Unterk\u00fcnften geh\u00f6ren luxuri\u00f6se Hotelsuiten und private Villen, die mit allen Annehmlichkeiten und Dienstleistungen ausgestattet sind, die Sie ben\u00f6tigen, um sich wie zu Hause zu f\u00fchlen. Und mit unserem personalisierten Transportservice haben Sie Zugang zu einem sicheren und zuverl\u00e4ssigen Transport zu allen wichtigen Zielen in und um Medellin.<\/p>\n\n\n\n<p>Bei Medellin 365 glauben wir, dass Kommunikation der Schl\u00fcssel ist. Deshalb bieten wir \u00dcbersetzungsdienste an, um sicherzustellen, dass Sie effektiv mit Einheimischen kommunizieren und das Beste aus Ihrer Zeit in der Stadt machen k\u00f6nnen.<\/p>\n\n\n\n<p>Wir sind stolz auf unser hohes Ma\u00df an Kundenzufriedenheit und garantieren, dass Ihre Reise mit uns zu einem unvergesslichen Erlebnis wird. Kontaktieren Sie uns noch heute und beginnen Sie mit der Planung Ihrer pers\u00f6nlichen Reise nach Medellin mit Medellin 365.<\/p>","protected":false},"excerpt":{"rendered":"<p>Welcome to Medellin 365, your one-stop-shop for exclusive and personalized travel experiences in Medellin, Colombia. Our team is dedicated to providing high-quality services for the &#8230; <a title=\"Willkommen bei Medellin 365,\" class=\"read-more\" href=\"https:\/\/medellin365.com\/de\/welcome-to-medellin-365\/\" aria-label=\"Mehr Informationen \u00fcber Welcome to Medellin 365,\">Weiterlesen &#8230;<\/a><\/p>","protected":false},"author":1,"featured_media":473,"parent":0,"menu_order":0,"comment_status":"closed","ping_status":"closed","template":"","meta":{"footnotes":""},"class_list":{"0":"post-472","1":"page","2":"type-page","3":"status-publish","4":"has-post-thumbnail","6":"infinite-scroll-item"},"_links":{"self":[{"href":"https:\/\/medellin365.com\/de\/wp-json\/wp\/v2\/pages\/472","targetHints":{"allow":["GET"]}}],"collection":[{"href":"https:\/\/medellin365.com\/de\/wp-json\/wp\/v2\/pages"}],"about":[{"href":"https:\/\/medellin365.com\/de\/wp-json\/wp\/v2\/types\/page"}],"author":[{"embeddable":true,"href":"https:\/\/medellin365.com\/de\/wp-json\/wp\/v2\/users\/1"}],"replies":[{"embeddable":true,"href":"https:\/\/medellin365.com\/de\/wp-json\/wp\/v2\/comments?post=472"}],"version-history":[{"count":0,"href":"https:\/\/medellin365.com\/de\/wp-json\/wp\/v2\/pages\/472\/revisions"}],"wp:featuredmedia":[{"embeddable":true,"href":"https:\/\/medellin365.com\/de\/wp-json\/wp\/v2\/media\/473"}],"wp:attachment":[{"href":"https:\/\/medellin365.com\/de\/wp-json\/wp\/v2\/media?parent=472"}],"curies":[{"name":"wp","href":"https:\/\/api.w.org\/{rel}","templated":true}]}}