{"id":476,"date":"2023-03-05T14:26:41","date_gmt":"2023-03-05T14:26:41","guid":{"rendered":"http:\/\/medellin365.com\/?page_id=476"},"modified":"2023-03-05T14:26:42","modified_gmt":"2023-03-05T14:26:42","slug":"medellin365-offers-a-range-of-services","status":"publish","type":"page","link":"https:\/\/medellin365.com\/de\/medellin365-offers-a-range-of-services\/","title":{"rendered":"Medellin365 bietet eine Reihe von Dienstleistungen an"},"content":{"rendered":"<p>um den Bed\u00fcrfnissen des anspruchsvollen Reisenden gerecht zu werden:<\/p>\n\n\n\n<p>Private Touren und Ausfl\u00fcge: Wir bieten ma\u00dfgeschneiderte Touren durch die Stadt und ihre Umgebung, die auf die Interessen und Bed\u00fcrfnisse unserer Kunden zugeschnitten sind. Dazu geh\u00f6ren Stadtrundg\u00e4nge, Ausfl\u00fcge in die Natur, kulturelle Besichtigungen und kulinarische Touren.<\/p>\n\n\n\n<p>Personalisierte Transportdienstleistungen: Wir bieten sichere und bequeme Transportm\u00f6glichkeiten f\u00fcr unsere Kunden zum und vom Flughafen sowie zu verschiedenen Aktivit\u00e4ten und Attraktionen. Unsere Dienstleistungen werden von privaten Fahrzeugen und professionellen Fahrern erbracht.<\/p>\n\n\n\n<p>VIP-Unterk\u00fcnfte: Wir bieten luxuri\u00f6se Unterk\u00fcnfte wie Hotelsuiten oder Villen mit Annehmlichkeiten wie privaten Pools, Fitnessstudios, Spas und anderen Annehmlichkeiten. Diese Unterk\u00fcnfte sind ideal in sicheren und g\u00fcnstigen Gegenden gelegen.<\/p>\n\n\n\n<p>Sicherheitsdienste: Wir bieten Sicherheitsdienste an, um die Sicherheit unserer Kunden w\u00e4hrend ihres Aufenthalts in Medellin zu gew\u00e4hrleisten. Diese Dienstleistungen umfassen Personenschutz, Sicherheits\u00fcberwachung von Unterk\u00fcnften und Transportmitteln sowie Unterst\u00fctzung im Notfall.<\/p>\n\n\n\n<p>\u00dcbersetzungsdienste: Wir bieten \u00dcbersetzungsdienste f\u00fcr Kunden, die nicht flie\u00dfend Spanisch sprechen. Dies kann ihnen helfen, sich in der Stadt und bei gesch\u00e4ftlichen Aktivit\u00e4ten zurechtzufinden.<\/p>\n\n\n\n<p>Wir von Medellin365 sind stolz darauf, einen hochwertigen Service zu bieten und die Zufriedenheit unserer Kunden zu gew\u00e4hrleisten. Wir halten uns auf dem Laufenden \u00fcber lokale Gesetze, Vorschriften und Sicherheitsbelange, um unseren Kunden eine sichere und angenehme Erfahrung zu bieten.<\/p>","protected":false},"excerpt":{"rendered":"<p>to cater to the needs of the discerning traveler: Private Tours and Excursions: We offer customized tours of the city and its surroundings tailored to &#8230; <a title=\"Medellin365 bietet eine Reihe von Dienstleistungen an\" class=\"read-more\" href=\"https:\/\/medellin365.com\/de\/medellin365-offers-a-range-of-services\/\" aria-label=\"Mehr Informationen \u00fcber Medellin365 offers a range of services\">Weiterlesen &#8230;<\/a><\/p>","protected":false},"author":1,"featured_media":481,"parent":0,"menu_order":0,"comment_status":"closed","ping_status":"closed","template":"","meta":{"footnotes":""},"class_list":{"0":"post-476","1":"page","2":"type-page","3":"status-publish","4":"has-post-thumbnail","6":"infinite-scroll-item"},"_links":{"self":[{"href":"https:\/\/medellin365.com\/de\/wp-json\/wp\/v2\/pages\/476","targetHints":{"allow":["GET"]}}],"collection":[{"href":"https:\/\/medellin365.com\/de\/wp-json\/wp\/v2\/pages"}],"about":[{"href":"https:\/\/medellin365.com\/de\/wp-json\/wp\/v2\/types\/page"}],"author":[{"embeddable":true,"href":"https:\/\/medellin365.com\/de\/wp-json\/wp\/v2\/users\/1"}],"replies":[{"embeddable":true,"href":"https:\/\/medellin365.com\/de\/wp-json\/wp\/v2\/comments?post=476"}],"version-history":[{"count":0,"href":"https:\/\/medellin365.com\/de\/wp-json\/wp\/v2\/pages\/476\/revisions"}],"wp:featuredmedia":[{"embeddable":true,"href":"https:\/\/medellin365.com\/de\/wp-json\/wp\/v2\/media\/481"}],"wp:attachment":[{"href":"https:\/\/medellin365.com\/de\/wp-json\/wp\/v2\/media?parent=476"}],"curies":[{"name":"wp","href":"https:\/\/api.w.org\/{rel}","templated":true}]}}