{"id":498,"date":"2023-03-26T12:35:51","date_gmt":"2023-03-26T12:35:51","guid":{"rendered":"http:\/\/medellin365.com\/?page_id=498"},"modified":"2023-04-05T18:03:16","modified_gmt":"2023-04-05T18:03:16","slug":"medellin-365","status":"publish","type":"page","link":"https:\/\/medellin365.com\/en\/medellin-365\/","title":{"rendered":"Medellin 365"},"content":{"rendered":"\r\n<ol class=\"wp-block-list\">\r\n<li>\r\n<p>a list of topics that could be popular among tourists visiting the city:<\/p>\r\n<ol>\r\n<li>Things to do in Medell\u00edn<\/li>\r\n<li>Best restaurants in Medell\u00edn<\/li>\r\n<li>Medell\u00edn weather<\/li>\r\n<li>Medell\u00edn safety tips<\/li>\r\n<li>How to get around Medell\u00edn<\/li>\r\n<li>Medell\u00edn nightlife<\/li>\r\n<li>Must-see attractions in Medell\u00edn<\/li>\r\n<li>Medell\u00edn shopping<\/li>\r\n<li>Medell\u00edn events and festivals<\/li>\r\n<li>Top hotels in Medell\u00edn<\/li>\r\n<li>Hostels in Medell\u00edn<\/li>\r\n<li>Public transportation in Medell\u00edn<\/li>\r\n<li>Medell\u00edn neighborhoods<\/li>\r\n<li>Spanish language schools in Medell\u00edn<\/li>\r\n<li>Best time to visit Medell\u00edn<\/li>\r\n<li>Medell\u00edn history and culture<\/li>\r\n<li>Medell\u00edn art scene<\/li>\r\n<li>Medell\u00edn food tours<\/li>\r\n<li>Medell\u00edn day trips<\/li>\r\n<li>Medell\u00edn to Guatap\u00e9<\/li>\r\n<li>Pablo Escobar tours<\/li>\r\n<li>Comuna 13 graffiti tour<\/li>\r\n<li>Parque Arv\u00ed<\/li>\r\n<li>Museo de Antioquia<\/li>\r\n<li>Medell\u00edn flower festival<\/li>\r\n<li>Medell\u00edn Botanical Garden<\/li>\r\n<li>Pueblito Paisa<\/li>\r\n<li>Jard\u00edn Bot\u00e1nico de Medell\u00edn<\/li>\r\n<li>Parque Explora<\/li>\r\n<li>Medell\u00edn Aquarium<\/li>\r\n<li>Plaza Botero<\/li>\r\n<li>Medell\u00edn cable car<\/li>\r\n<li>Paragliding in Medell\u00edn<\/li>\r\n<li>Medell\u00edn walking tours<\/li>\r\n<li>Medell\u00edn salsa dancing<\/li>\r\n<li>Medell\u00edn coffee tours<\/li>\r\n<li>Parque Lleras<\/li>\r\n<li>Medell\u00edn bike tours<\/li>\r\n<li>Medell\u00edn eco-parks<\/li>\r\n<li>Medell\u00edn outdoor activities<\/li>\r\n<li>Feria de las Flores<\/li>\r\n<li>Medell\u00edn&#8217;s Christmas lights<\/li>\r\n<li>Metrocable Line J<\/li>\r\n<li>Nutibara Hill<\/li>\r\n<li>Rionegro Airport<\/li>\r\n<li>Medell\u00edn to Bogot\u00e1<\/li>\r\n<li>Medell\u00edn to Cartagena<\/li>\r\n<li>Medell\u00edn to Santa Marta<\/li>\r\n<li>Medell\u00edn to Salento<\/li>\r\n<li>Medell\u00edn to San Gil<\/li>\r\n<li>Medell\u00edn to Manizales<\/li>\r\n<li>Medell\u00edn to Cali<\/li>\r\n<li>Medell\u00edn to Pereira<\/li>\r\n<li>Currency exchange in Medell\u00edn<\/li>\r\n<li>SIM cards and mobile plans in Medell\u00edn<\/li>\r\n<li>Travel insurance for Medell\u00edn<\/li>\r\n<li>Medell\u00edn coworking spaces<\/li>\r\n<li>Medell\u00edn Spanish courses<\/li>\r\n<li>Medell\u00edn cooking classes<\/li>\r\n<li>Medell\u00edn dental tourism<\/li>\r\n<li>Medell\u00edn medical tourism<\/li>\r\n<li>Medell\u00edn digital nomad scene<\/li>\r\n<li>Medell\u00edn to Eje Cafetero<\/li>\r\n<li>Medell\u00edn to Jard\u00edn<\/li>\r\n<li>Medell\u00edn to Jeric\u00f3<\/li>\r\n<li>Medell\u00edn to Penol<\/li>\r\n<li>Medell\u00edn to Rio Claro<\/li>\r\n<li>Medell\u00edn to Santa Fe de Antioquia<\/li>\r\n<li>Medell\u00edn to San Carlos<\/li>\r\n<li>Estadio Atanasio Girardot<\/li>\r\n<li>Medell\u00edn soccer games<\/li>\r\n<li>Medell\u00edn walking tours<\/li>\r\n<li>Medell\u00edn travel agencies<\/li>\r\n<li>Medell\u00edn volunteer opportunities<\/li>\r\n<li>Medell\u00edn LGBTQ+ scene<\/li>\r\n<li>Medell\u00edn tattoo parlors<\/li>\r\n<li>Medell\u00edn gyms and fitness centers<\/li>\r\n<li>Medell\u00edn yoga and wellness<\/li>\r\n<li>Medell\u00edn coworking spaces<\/li>\r\n<\/ol>\r\n<\/li>\r\n<\/ol>\r\n","protected":false},"excerpt":{"rendered":"","protected":false},"author":1,"featured_media":0,"parent":0,"menu_order":0,"comment_status":"closed","ping_status":"closed","template":"","meta":{"footnotes":""},"class_list":{"0":"post-498","1":"page","2":"type-page","3":"status-publish","5":"infinite-scroll-item"},"_links":{"self":[{"href":"https:\/\/medellin365.com\/en\/wp-json\/wp\/v2\/pages\/498","targetHints":{"allow":["GET"]}}],"collection":[{"href":"https:\/\/medellin365.com\/en\/wp-json\/wp\/v2\/pages"}],"about":[{"href":"https:\/\/medellin365.com\/en\/wp-json\/wp\/v2\/types\/page"}],"author":[{"embeddable":true,"href":"https:\/\/medellin365.com\/en\/wp-json\/wp\/v2\/users\/1"}],"replies":[{"embeddable":true,"href":"https:\/\/medellin365.com\/en\/wp-json\/wp\/v2\/comments?post=498"}],"version-history":[{"count":0,"href":"https:\/\/medellin365.com\/en\/wp-json\/wp\/v2\/pages\/498\/revisions"}],"wp:attachment":[{"href":"https:\/\/medellin365.com\/en\/wp-json\/wp\/v2\/media?parent=498"}],"curies":[{"name":"wp","href":"https:\/\/api.w.org\/{rel}","templated":true}]}}