{"id":472,"date":"2023-03-05T14:16:23","date_gmt":"2023-03-05T14:16:23","guid":{"rendered":"http:\/\/medellin365.com\/?page_id=472"},"modified":"2023-03-05T14:16:26","modified_gmt":"2023-03-05T14:16:26","slug":"welcome-to-medellin-365","status":"publish","type":"page","link":"https:\/\/medellin365.com\/es\/welcome-to-medellin-365\/","title":{"rendered":"Bienvenido a Medell\u00edn 365,"},"content":{"rendered":"<p>Bienvenido a Medell\u00edn 365, su ventanilla \u00fanica para experiencias de viaje exclusivas y personalizadas en Medell\u00edn, Colombia. Nuestro equipo se dedica a proporcionar servicios de alta calidad para los clientes m\u00e1s exigentes, garantizando un viaje c\u00f3modo, seguro e inolvidable a esta vibrante ciudad.<\/p>\n\n\n\n<p>Ofrecemos una gama de servicios adaptados a las necesidades e intereses de nuestros clientes, como visitas y excursiones privadas, servicios de transporte personalizados, alojamiento VIP, servicios de seguridad y servicios de traducci\u00f3n. Nuestro enfoque personalizado significa que cada detalle de su viaje se elabora cuidadosamente para satisfacer sus expectativas, desde el momento de su llegada hasta el de su partida.<\/p>\n\n\n\n<p>Nuestro equipo de expertos se compromete a proporcionar un servicio excepcional y garantizar que su viaje a Medell\u00edn sea agradable y seguro. Entendemos la importancia de la seguridad cuando se viaja, por lo que ofrecemos servicios de seguridad profesionales para garantizar su seguridad en todo momento.<\/p>\n\n\n\n<p>Nuestro alojamiento VIP incluye lujosas suites de hotel y villas privadas, con todas las comodidades y servicios que necesita para sentirse como en casa. Y con nuestros servicios de transporte personalizados, tendr\u00e1 acceso a un transporte seguro y fiable a los principales destinos de Medell\u00edn y sus alrededores.<\/p>\n\n\n\n<p>En Medell\u00edn 365, creemos que la comunicaci\u00f3n es clave. Es por eso que ofrecemos servicios de traducci\u00f3n para asegurar que usted pueda comunicarse eficazmente con los lugare\u00f1os y aprovechar al m\u00e1ximo su tiempo en la ciudad.<\/p>\n\n\n\n<p>Estamos orgullosos de nuestro alto nivel de satisfacci\u00f3n al cliente y garantizamos que su viaje con nosotros ser\u00e1 una experiencia inolvidable. Cont\u00e1ctenos hoy para comenzar a planear su viaje personalizado a Medell\u00edn con Medell\u00edn 365.<\/p>","protected":false},"excerpt":{"rendered":"<p>Welcome to Medellin 365, your one-stop-shop for exclusive and personalized travel experiences in Medellin, Colombia. Our team is dedicated to providing high-quality services for the &#8230; <a title=\"Bienvenido a Medell\u00edn 365,\" class=\"read-more\" href=\"https:\/\/medellin365.com\/es\/welcome-to-medellin-365\/\" aria-label=\"Read more about Welcome to Medellin 365,\">Seguir leyendo<\/a><\/p>","protected":false},"author":1,"featured_media":473,"parent":0,"menu_order":0,"comment_status":"closed","ping_status":"closed","template":"","meta":{"footnotes":""},"class_list":{"0":"post-472","1":"page","2":"type-page","3":"status-publish","4":"has-post-thumbnail","6":"infinite-scroll-item"},"_links":{"self":[{"href":"https:\/\/medellin365.com\/es\/wp-json\/wp\/v2\/pages\/472","targetHints":{"allow":["GET"]}}],"collection":[{"href":"https:\/\/medellin365.com\/es\/wp-json\/wp\/v2\/pages"}],"about":[{"href":"https:\/\/medellin365.com\/es\/wp-json\/wp\/v2\/types\/page"}],"author":[{"embeddable":true,"href":"https:\/\/medellin365.com\/es\/wp-json\/wp\/v2\/users\/1"}],"replies":[{"embeddable":true,"href":"https:\/\/medellin365.com\/es\/wp-json\/wp\/v2\/comments?post=472"}],"version-history":[{"count":0,"href":"https:\/\/medellin365.com\/es\/wp-json\/wp\/v2\/pages\/472\/revisions"}],"wp:featuredmedia":[{"embeddable":true,"href":"https:\/\/medellin365.com\/es\/wp-json\/wp\/v2\/media\/473"}],"wp:attachment":[{"href":"https:\/\/medellin365.com\/es\/wp-json\/wp\/v2\/media?parent=472"}],"curies":[{"name":"wp","href":"https:\/\/api.w.org\/{rel}","templated":true}]}}