{"id":476,"date":"2023-03-05T14:26:41","date_gmt":"2023-03-05T14:26:41","guid":{"rendered":"http:\/\/medellin365.com\/?page_id=476"},"modified":"2023-03-05T14:26:42","modified_gmt":"2023-03-05T14:26:42","slug":"medellin365-offers-a-range-of-services","status":"publish","type":"page","link":"https:\/\/medellin365.com\/es\/medellin365-offers-a-range-of-services\/","title":{"rendered":"Medellin365 ofrece una gama de servicios"},"content":{"rendered":"<p>para satisfacer las necesidades del viajero exigente:<\/p>\n\n\n\n<p>Visitas y excursiones privadas: Ofrecemos visitas personalizadas de la ciudad y sus alrededores adaptadas a los intereses y necesidades de nuestros clientes. Esto incluye paseos por la ciudad, excursiones por la naturaleza, visitas culturales y recorridos gastron\u00f3micos.<\/p>\n\n\n\n<p>Servicios de transporte personalizados: Proporcionamos opciones de transporte seguras y c\u00f3modas para nuestros clientes desde y hacia el aeropuerto, as\u00ed como a diversas actividades y atracciones. Nuestros servicios son proporcionados por veh\u00edculos privados y conductores profesionales.<\/p>\n\n\n\n<p>Alojamiento VIP: Ofrecemos alojamiento de lujo como suites de hotel o villas con comodidades como piscinas privadas, gimnasios, spas y otros servicios. Estos alojamientos gozan de una ubicaci\u00f3n ideal en zonas seguras y c\u00f3modas.<\/p>\n\n\n\n<p>Servicios de Seguridad: Ofrecemos servicios de seguridad para garantizar la seguridad de nuestros clientes durante su estancia en Medell\u00edn. Estos servicios incluyen servicios de protecci\u00f3n personal, supervisi\u00f3n de la seguridad de los alojamientos y el transporte, as\u00ed como servicios de apoyo en caso de emergencia.<\/p>\n\n\n\n<p>Servicios de traducci\u00f3n: Ofrecemos servicios de traducci\u00f3n para clientes que no hablan espa\u00f1ol con fluidez. Esto puede ayudarles a navegar por la ciudad y las actividades comerciales con facilidad.<\/p>\n\n\n\n<p>En Medellin365, nos enorgullecemos de ofrecer un servicio de alta calidad y garantizar la satisfacci\u00f3n del cliente. Nos mantenemos al d\u00eda con las leyes locales, regulaciones y preocupaciones de seguridad para proporcionar una experiencia segura y agradable para nuestros clientes.<\/p>","protected":false},"excerpt":{"rendered":"<p>to cater to the needs of the discerning traveler: Private Tours and Excursions: We offer customized tours of the city and its surroundings tailored to &#8230; <a title=\"Medellin365 ofrece una gama de servicios\" class=\"read-more\" href=\"https:\/\/medellin365.com\/es\/medellin365-offers-a-range-of-services\/\" aria-label=\"Read more about Medellin365 offers a range of services\">Seguir leyendo<\/a><\/p>","protected":false},"author":1,"featured_media":481,"parent":0,"menu_order":0,"comment_status":"closed","ping_status":"closed","template":"","meta":{"footnotes":""},"class_list":{"0":"post-476","1":"page","2":"type-page","3":"status-publish","4":"has-post-thumbnail","6":"infinite-scroll-item"},"_links":{"self":[{"href":"https:\/\/medellin365.com\/es\/wp-json\/wp\/v2\/pages\/476","targetHints":{"allow":["GET"]}}],"collection":[{"href":"https:\/\/medellin365.com\/es\/wp-json\/wp\/v2\/pages"}],"about":[{"href":"https:\/\/medellin365.com\/es\/wp-json\/wp\/v2\/types\/page"}],"author":[{"embeddable":true,"href":"https:\/\/medellin365.com\/es\/wp-json\/wp\/v2\/users\/1"}],"replies":[{"embeddable":true,"href":"https:\/\/medellin365.com\/es\/wp-json\/wp\/v2\/comments?post=476"}],"version-history":[{"count":0,"href":"https:\/\/medellin365.com\/es\/wp-json\/wp\/v2\/pages\/476\/revisions"}],"wp:featuredmedia":[{"embeddable":true,"href":"https:\/\/medellin365.com\/es\/wp-json\/wp\/v2\/media\/481"}],"wp:attachment":[{"href":"https:\/\/medellin365.com\/es\/wp-json\/wp\/v2\/media?parent=476"}],"curies":[{"name":"wp","href":"https:\/\/api.w.org\/{rel}","templated":true}]}}